{"id":8866,"date":"2024-10-18T11:11:52","date_gmt":"2024-10-18T14:11:52","guid":{"rendered":"https:\/\/journal.einstein.br\/?page_id=8866"},"modified":"2024-10-18T11:11:52","modified_gmt":"2024-10-18T14:11:52","slug":"ganhadores-2024","status":"publish","type":"page","link":"https:\/\/journal.einstein.br\/pt-br\/ganhadores-2024\/","title":{"rendered":"Ganhadores 2024"},"content":{"rendered":"<p>Este conte\u00fado est\u00e1 dispon\u00edvel somente em ingl\u00eas. Acesse em<a href=\"https:\/\/journal.einstein.br\/2024-award-winners\/\"> https:\/\/journal.einstein.br\/2024-award-winners\/<\/a><\/p>\n","protected":false},"excerpt":{"rendered":"<p>Este conte\u00fado est\u00e1 dispon\u00edvel somente em ingl\u00eas. Acesse em https:\/\/journal.einstein.br\/2024-award-winners\/<\/p>\n","protected":false},"author":1,"featured_media":0,"parent":0,"menu_order":0,"comment_status":"closed","ping_status":"closed","template":"page-templates\/photo-gallery.php","meta":{"footnotes":""},"class_list":["post-8866","page","type-page","status-publish","hentry"],"yoast_head":"<!-- This site is optimized with the Yoast SEO plugin v27.1.1 - https:\/\/yoast.com\/product\/yoast-seo-wordpress\/ -->\n<title>Ganhadores 2024 - einstein (S\u00e3o Paulo)<\/title>\n<meta name=\"robots\" content=\"index, follow, max-snippet:-1, max-image-preview:large, max-video-preview:-1\" \/>\n<link rel=\"canonical\" href=\"https:\/\/journal.einstein.br\/pt-br\/ganhadores-2024\/\" \/>\n<meta property=\"og:locale\" content=\"pt_BR\" \/>\n<meta property=\"og:type\" content=\"article\" \/>\n<meta property=\"og:title\" content=\"Ganhadores 2024 - einstein (S\u00e3o Paulo)\" \/>\n<meta property=\"og:description\" content=\"Este conte\u00fado est\u00e1 dispon\u00edvel somente em ingl\u00eas. Acesse em https:\/\/journal.einstein.br\/2024-award-winners\/\" \/>\n<meta property=\"og:url\" content=\"https:\/\/journal.einstein.br\/pt-br\/ganhadores-2024\/\" \/>\n<meta property=\"og:site_name\" content=\"einstein (S\u00e3o Paulo)\" \/>\n<meta property=\"article:publisher\" content=\"http:\/\/www.facebook.com\/HospitalAlbertEinstein\" \/>\n<meta property=\"og:image\" content=\"https:\/\/journal.einstein.br\/wp-content\/uploads\/2019\/08\/Capa_perfil.jpg\" \/>\n\t<meta property=\"og:image:width\" content=\"400\" \/>\n\t<meta property=\"og:image:height\" content=\"400\" \/>\n\t<meta property=\"og:image:type\" content=\"image\/jpeg\" \/>\n<meta name=\"twitter:card\" content=\"summary_large_image\" \/>\n<meta name=\"twitter:site\" content=\"@hosp_einstein\" \/>\n<script type=\"application\/ld+json\" class=\"yoast-schema-graph\">{\"@context\":\"https:\/\/schema.org\",\"@graph\":[{\"@type\":\"WebPage\",\"@id\":\"https:\/\/journal.einstein.br\/pt-br\/ganhadores-2024\/\",\"url\":\"https:\/\/journal.einstein.br\/pt-br\/ganhadores-2024\/\",\"name\":\"Ganhadores 2024 - einstein (S\u00e3o Paulo)\",\"isPartOf\":{\"@id\":\"https:\/\/journal.einstein.br\/#website\"},\"datePublished\":\"2024-10-18T14:11:52+00:00\",\"breadcrumb\":{\"@id\":\"https:\/\/journal.einstein.br\/pt-br\/ganhadores-2024\/#breadcrumb\"},\"inLanguage\":\"pt-BR\",\"potentialAction\":[{\"@type\":\"ReadAction\",\"target\":[\"https:\/\/journal.einstein.br\/pt-br\/ganhadores-2024\/\"]}]},{\"@type\":\"BreadcrumbList\",\"@id\":\"https:\/\/journal.einstein.br\/pt-br\/ganhadores-2024\/#breadcrumb\",\"itemListElement\":[{\"@type\":\"ListItem\",\"position\":1,\"name\":\"In\u00edcio\",\"item\":\"https:\/\/journal.einstein.br\/pt-br\/\"},{\"@type\":\"ListItem\",\"position\":2,\"name\":\"Ganhadores 2024\"}]},{\"@type\":\"WebSite\",\"@id\":\"https:\/\/journal.einstein.br\/#website\",\"url\":\"https:\/\/journal.einstein.br\/\",\"name\":\"einstein (S\u00e3o Paulo)\",\"description\":\"The journal &lt;b&gt;einstein&lt;\/b&gt; (S\u00e3o Paulo) - e-ISSN 2317-6385 is dedicated to dissemination of high-quality scientific content that advances our understanding of human disease with the goal of improving prevention, care, diagnostics and treatment of patients globally.\",\"publisher\":{\"@id\":\"https:\/\/journal.einstein.br\/#organization\"},\"potentialAction\":[{\"@type\":\"SearchAction\",\"target\":{\"@type\":\"EntryPoint\",\"urlTemplate\":\"https:\/\/journal.einstein.br\/?s={search_term_string}\"},\"query-input\":{\"@type\":\"PropertyValueSpecification\",\"valueRequired\":true,\"valueName\":\"search_term_string\"}}],\"inLanguage\":\"pt-BR\"},{\"@type\":\"Organization\",\"@id\":\"https:\/\/journal.einstein.br\/#organization\",\"name\":\"einstein (S\u00e3o Paulo)\",\"url\":\"https:\/\/journal.einstein.br\/\",\"logo\":{\"@type\":\"ImageObject\",\"inLanguage\":\"pt-BR\",\"@id\":\"https:\/\/journal.einstein.br\/#\/schema\/logo\/image\/\",\"url\":\"https:\/\/journal.einstein.br\/wp-content\/uploads\/2018\/04\/logo.png\",\"contentUrl\":\"https:\/\/journal.einstein.br\/wp-content\/uploads\/2018\/04\/logo.png\",\"width\":500,\"height\":109,\"caption\":\"einstein (S\u00e3o Paulo)\"},\"image\":{\"@id\":\"https:\/\/journal.einstein.br\/#\/schema\/logo\/image\/\"},\"sameAs\":[\"http:\/\/www.facebook.com\/HospitalAlbertEinstein\",\"https:\/\/x.com\/hosp_einstein\"]}]}<\/script>\n<!-- \/ Yoast SEO plugin. -->","yoast_head_json":{"title":"Ganhadores 2024 - einstein (S\u00e3o Paulo)","robots":{"index":"index","follow":"follow","max-snippet":"max-snippet:-1","max-image-preview":"max-image-preview:large","max-video-preview":"max-video-preview:-1"},"canonical":"https:\/\/journal.einstein.br\/pt-br\/ganhadores-2024\/","og_locale":"pt_BR","og_type":"article","og_title":"Ganhadores 2024 - einstein (S\u00e3o Paulo)","og_description":"Este conte\u00fado est\u00e1 dispon\u00edvel somente em ingl\u00eas. Acesse em https:\/\/journal.einstein.br\/2024-award-winners\/","og_url":"https:\/\/journal.einstein.br\/pt-br\/ganhadores-2024\/","og_site_name":"einstein (S\u00e3o Paulo)","article_publisher":"http:\/\/www.facebook.com\/HospitalAlbertEinstein","og_image":[{"width":400,"height":400,"url":"https:\/\/journal.einstein.br\/wp-content\/uploads\/2019\/08\/Capa_perfil.jpg","type":"image\/jpeg"}],"twitter_card":"summary_large_image","twitter_site":"@hosp_einstein","schema":{"@context":"https:\/\/schema.org","@graph":[{"@type":"WebPage","@id":"https:\/\/journal.einstein.br\/pt-br\/ganhadores-2024\/","url":"https:\/\/journal.einstein.br\/pt-br\/ganhadores-2024\/","name":"Ganhadores 2024 - einstein (S\u00e3o Paulo)","isPartOf":{"@id":"https:\/\/journal.einstein.br\/#website"},"datePublished":"2024-10-18T14:11:52+00:00","breadcrumb":{"@id":"https:\/\/journal.einstein.br\/pt-br\/ganhadores-2024\/#breadcrumb"},"inLanguage":"pt-BR","potentialAction":[{"@type":"ReadAction","target":["https:\/\/journal.einstein.br\/pt-br\/ganhadores-2024\/"]}]},{"@type":"BreadcrumbList","@id":"https:\/\/journal.einstein.br\/pt-br\/ganhadores-2024\/#breadcrumb","itemListElement":[{"@type":"ListItem","position":1,"name":"In\u00edcio","item":"https:\/\/journal.einstein.br\/pt-br\/"},{"@type":"ListItem","position":2,"name":"Ganhadores 2024"}]},{"@type":"WebSite","@id":"https:\/\/journal.einstein.br\/#website","url":"https:\/\/journal.einstein.br\/","name":"einstein (S\u00e3o Paulo)","description":"The journal &lt;b&gt;einstein&lt;\/b&gt; (S\u00e3o Paulo) - e-ISSN 2317-6385 is dedicated to dissemination of high-quality scientific content that advances our understanding of human disease with the goal of improving prevention, care, diagnostics and treatment of patients globally.","publisher":{"@id":"https:\/\/journal.einstein.br\/#organization"},"potentialAction":[{"@type":"SearchAction","target":{"@type":"EntryPoint","urlTemplate":"https:\/\/journal.einstein.br\/?s={search_term_string}"},"query-input":{"@type":"PropertyValueSpecification","valueRequired":true,"valueName":"search_term_string"}}],"inLanguage":"pt-BR"},{"@type":"Organization","@id":"https:\/\/journal.einstein.br\/#organization","name":"einstein (S\u00e3o Paulo)","url":"https:\/\/journal.einstein.br\/","logo":{"@type":"ImageObject","inLanguage":"pt-BR","@id":"https:\/\/journal.einstein.br\/#\/schema\/logo\/image\/","url":"https:\/\/journal.einstein.br\/wp-content\/uploads\/2018\/04\/logo.png","contentUrl":"https:\/\/journal.einstein.br\/wp-content\/uploads\/2018\/04\/logo.png","width":500,"height":109,"caption":"einstein (S\u00e3o Paulo)"},"image":{"@id":"https:\/\/journal.einstein.br\/#\/schema\/logo\/image\/"},"sameAs":["http:\/\/www.facebook.com\/HospitalAlbertEinstein","https:\/\/x.com\/hosp_einstein"]}]}},"_links":{"self":[{"href":"https:\/\/journal.einstein.br\/pt-br\/wp-json\/wp\/v2\/pages\/8866","targetHints":{"allow":["GET"]}}],"collection":[{"href":"https:\/\/journal.einstein.br\/pt-br\/wp-json\/wp\/v2\/pages"}],"about":[{"href":"https:\/\/journal.einstein.br\/pt-br\/wp-json\/wp\/v2\/types\/page"}],"author":[{"embeddable":true,"href":"https:\/\/journal.einstein.br\/pt-br\/wp-json\/wp\/v2\/users\/1"}],"replies":[{"embeddable":true,"href":"https:\/\/journal.einstein.br\/pt-br\/wp-json\/wp\/v2\/comments?post=8866"}],"version-history":[{"count":1,"href":"https:\/\/journal.einstein.br\/pt-br\/wp-json\/wp\/v2\/pages\/8866\/revisions"}],"predecessor-version":[{"id":8867,"href":"https:\/\/journal.einstein.br\/pt-br\/wp-json\/wp\/v2\/pages\/8866\/revisions\/8867"}],"wp:attachment":[{"href":"https:\/\/journal.einstein.br\/pt-br\/wp-json\/wp\/v2\/media?parent=8866"}],"curies":[{"name":"wp","href":"https:\/\/api.w.org\/{rel}","templated":true}]}}